{"id":30324,"date":"2023-08-16T17:27:33","date_gmt":"2023-08-16T21:27:33","guid":{"rendered":"https:\/\/procap.fr\/?post_type=product&#038;p=30324"},"modified":"2023-08-18T09:27:56","modified_gmt":"2023-08-18T13:27:56","slug":"surpresseurs-avec-reservoir-a-diaphragme","status":"publish","type":"product","link":"https:\/\/procap.fr\/en\/product\/surpresseurs-avec-reservoir-a-diaphragme\/","title":{"rendered":"Surpresseurs avec r\u00e9servoir \u00e0 diaphragme"},"content":{"rendered":"<p>Surpresseurs avec r\u00e9servoir \u00e0 diaphragme.<\/p>\n","protected":false},"excerpt":{"rendered":"<p>Surpresseurs avec r\u00e9servoir \u00e0 diaphragme.<\/p>\n","protected":false},"featured_media":30467,"template":"","meta":{"_acf_changed":false,"inline_featured_image":false},"product_brand":[],"product_cat":[72,91],"product_tag":[],"class_list":{"0":"post-30324","1":"product","2":"type-product","3":"status-publish","4":"has-post-thumbnail","6":"product_cat-citernes","7":"product_cat-equipements-et-accessoires","10":"instock","11":"shipping-taxable","12":"product-type-simple"},"acf":[],"_links":{"self":[{"href":"https:\/\/procap.fr\/en\/wp-json\/wp\/v2\/product\/30324","targetHints":{"allow":["GET"]}}],"collection":[{"href":"https:\/\/procap.fr\/en\/wp-json\/wp\/v2\/product"}],"about":[{"href":"https:\/\/procap.fr\/en\/wp-json\/wp\/v2\/types\/product"}],"wp:featuredmedia":[{"embeddable":true,"href":"https:\/\/procap.fr\/en\/wp-json\/wp\/v2\/media\/30467"}],"wp:attachment":[{"href":"https:\/\/procap.fr\/en\/wp-json\/wp\/v2\/media?parent=30324"}],"wp:term":[{"taxonomy":"product_brand","embeddable":true,"href":"https:\/\/procap.fr\/en\/wp-json\/wp\/v2\/product_brand?post=30324"},{"taxonomy":"product_cat","embeddable":true,"href":"https:\/\/procap.fr\/en\/wp-json\/wp\/v2\/product_cat?post=30324"},{"taxonomy":"product_tag","embeddable":true,"href":"https:\/\/procap.fr\/en\/wp-json\/wp\/v2\/product_tag?post=30324"}],"curies":[{"name":"wp","href":"https:\/\/api.w.org\/{rel}","templated":true}]}}