{"id":30321,"date":"2023-08-16T17:22:13","date_gmt":"2023-08-16T21:22:13","guid":{"rendered":"https:\/\/procap.fr\/?post_type=product&#038;p=30321"},"modified":"2023-12-20T11:08:12","modified_gmt":"2023-12-20T15:08:12","slug":"filtre-a-gouttiere-autonettoyant","status":"publish","type":"product","link":"https:\/\/procap.fr\/en\/product\/filtre-a-gouttiere-autonettoyant\/","title":{"rendered":"Filtre \u00e0 goutti\u00e8re autonettoyant"},"content":{"rendered":"<p>Filtre \u00e0 goutti\u00e8re autonettoyant.<\/p>\n","protected":false},"excerpt":{"rendered":"<p>Filtre \u00e0 goutti\u00e8re autonettoyant.<\/p>\n","protected":false},"featured_media":30876,"template":"","meta":{"_acf_changed":false,"inline_featured_image":false},"product_brand":[],"product_cat":[72,91],"product_tag":[],"class_list":{"0":"post-30321","1":"product","2":"type-product","3":"status-publish","4":"has-post-thumbnail","6":"product_cat-citernes","7":"product_cat-equipements-et-accessoires","10":"instock","11":"shipping-taxable","12":"product-type-simple"},"acf":[],"_links":{"self":[{"href":"https:\/\/procap.fr\/en\/wp-json\/wp\/v2\/product\/30321","targetHints":{"allow":["GET"]}}],"collection":[{"href":"https:\/\/procap.fr\/en\/wp-json\/wp\/v2\/product"}],"about":[{"href":"https:\/\/procap.fr\/en\/wp-json\/wp\/v2\/types\/product"}],"wp:featuredmedia":[{"embeddable":true,"href":"https:\/\/procap.fr\/en\/wp-json\/wp\/v2\/media\/30876"}],"wp:attachment":[{"href":"https:\/\/procap.fr\/en\/wp-json\/wp\/v2\/media?parent=30321"}],"wp:term":[{"taxonomy":"product_brand","embeddable":true,"href":"https:\/\/procap.fr\/en\/wp-json\/wp\/v2\/product_brand?post=30321"},{"taxonomy":"product_cat","embeddable":true,"href":"https:\/\/procap.fr\/en\/wp-json\/wp\/v2\/product_cat?post=30321"},{"taxonomy":"product_tag","embeddable":true,"href":"https:\/\/procap.fr\/en\/wp-json\/wp\/v2\/product_tag?post=30321"}],"curies":[{"name":"wp","href":"https:\/\/api.w.org\/{rel}","templated":true}]}}