{"id":30316,"date":"2023-08-16T17:04:38","date_gmt":"2023-08-16T21:04:38","guid":{"rendered":"https:\/\/procap.fr\/?post_type=product&#038;p=30316"},"modified":"2023-12-20T10:53:25","modified_gmt":"2023-12-20T14:53:25","slug":"pose-joints-a-levres","status":"publish","type":"product","link":"https:\/\/procap.fr\/en\/product\/pose-joints-a-levres\/","title":{"rendered":"Pose joints \u00e0 l\u00e8vres"},"content":{"rendered":"<p>Pose joints \u00e0 l\u00e8vres pour citernes StoCAP d&#8217;eau de pluie.<\/p>\n","protected":false},"excerpt":{"rendered":"<p>Pose joints \u00e0 l\u00e8vres pour citernes StoCAP d&#8217;eau de pluie.<\/p>\n","protected":false},"featured_media":30882,"template":"","meta":{"_acf_changed":false,"inline_featured_image":false},"product_brand":[],"product_cat":[72,501,91],"product_tag":[],"class_list":{"0":"post-30316","1":"product","2":"type-product","3":"status-publish","4":"has-post-thumbnail","6":"product_cat-citernes","7":"product_cat-equipements-en-option","8":"product_cat-equipements-et-accessoires","11":"instock","12":"shipping-taxable","13":"product-type-simple"},"acf":[],"_links":{"self":[{"href":"https:\/\/procap.fr\/en\/wp-json\/wp\/v2\/product\/30316","targetHints":{"allow":["GET"]}}],"collection":[{"href":"https:\/\/procap.fr\/en\/wp-json\/wp\/v2\/product"}],"about":[{"href":"https:\/\/procap.fr\/en\/wp-json\/wp\/v2\/types\/product"}],"wp:featuredmedia":[{"embeddable":true,"href":"https:\/\/procap.fr\/en\/wp-json\/wp\/v2\/media\/30882"}],"wp:attachment":[{"href":"https:\/\/procap.fr\/en\/wp-json\/wp\/v2\/media?parent=30316"}],"wp:term":[{"taxonomy":"product_brand","embeddable":true,"href":"https:\/\/procap.fr\/en\/wp-json\/wp\/v2\/product_brand?post=30316"},{"taxonomy":"product_cat","embeddable":true,"href":"https:\/\/procap.fr\/en\/wp-json\/wp\/v2\/product_cat?post=30316"},{"taxonomy":"product_tag","embeddable":true,"href":"https:\/\/procap.fr\/en\/wp-json\/wp\/v2\/product_tag?post=30316"}],"curies":[{"name":"wp","href":"https:\/\/api.w.org\/{rel}","templated":true}]}}