{"id":30314,"date":"2023-08-16T16:58:39","date_gmt":"2023-08-16T20:58:39","guid":{"rendered":"https:\/\/procap.fr\/?post_type=product&#038;p=30314"},"modified":"2023-12-20T10:56:57","modified_gmt":"2023-12-20T14:56:57","slug":"couvercle-a-verrous-diametre-600","status":"publish","type":"product","link":"https:\/\/procap.fr\/en\/product\/couvercle-a-verrous-diametre-600\/","title":{"rendered":"Couvercle \u00e0 verrous diam\u00e8tre 600mm"},"content":{"rendered":"<p>Couvercle \u00e0 verrous diam\u00e8tre 600mm.<\/p>\n","protected":false},"excerpt":{"rendered":"<p>Couvercle \u00e0 verrous diam\u00e8tre 600mm.<\/p>\n","protected":false},"featured_media":30874,"template":"","meta":{"_acf_changed":false,"inline_featured_image":false},"product_brand":[],"product_cat":[72,91,500],"product_tag":[],"class_list":{"0":"post-30314","1":"product","2":"type-product","3":"status-publish","4":"has-post-thumbnail","6":"product_cat-citernes","7":"product_cat-equipements-et-accessoires","8":"product_cat-equipements-standards","11":"instock","12":"shipping-taxable","13":"product-type-simple"},"acf":[],"_links":{"self":[{"href":"https:\/\/procap.fr\/en\/wp-json\/wp\/v2\/product\/30314","targetHints":{"allow":["GET"]}}],"collection":[{"href":"https:\/\/procap.fr\/en\/wp-json\/wp\/v2\/product"}],"about":[{"href":"https:\/\/procap.fr\/en\/wp-json\/wp\/v2\/types\/product"}],"wp:featuredmedia":[{"embeddable":true,"href":"https:\/\/procap.fr\/en\/wp-json\/wp\/v2\/media\/30874"}],"wp:attachment":[{"href":"https:\/\/procap.fr\/en\/wp-json\/wp\/v2\/media?parent=30314"}],"wp:term":[{"taxonomy":"product_brand","embeddable":true,"href":"https:\/\/procap.fr\/en\/wp-json\/wp\/v2\/product_brand?post=30314"},{"taxonomy":"product_cat","embeddable":true,"href":"https:\/\/procap.fr\/en\/wp-json\/wp\/v2\/product_cat?post=30314"},{"taxonomy":"product_tag","embeddable":true,"href":"https:\/\/procap.fr\/en\/wp-json\/wp\/v2\/product_tag?post=30314"}],"curies":[{"name":"wp","href":"https:\/\/api.w.org\/{rel}","templated":true}]}}