{"id":30312,"date":"2023-08-16T16:53:31","date_gmt":"2023-08-16T20:53:31","guid":{"rendered":"https:\/\/procap.fr\/?post_type=product&#038;p=30312"},"modified":"2023-12-20T10:57:39","modified_gmt":"2023-12-20T14:57:39","slug":"couvercle-a-visser","status":"publish","type":"product","link":"https:\/\/procap.fr\/en\/product\/couvercle-a-visser\/","title":{"rendered":"Couvercle \u00e0 visser"},"content":{"rendered":"<p>Couvercle \u00e0 visser diam\u00e8tre 400mm.<\/p>\n","protected":false},"excerpt":{"rendered":"<p>Couvercle \u00e0 visser diam\u00e8tre 400mm.<\/p>\n","protected":false},"featured_media":30872,"template":"","meta":{"_acf_changed":false,"inline_featured_image":false},"product_brand":[],"product_cat":[72,91,500],"product_tag":[],"class_list":{"0":"post-30312","1":"product","2":"type-product","3":"status-publish","4":"has-post-thumbnail","6":"product_cat-citernes","7":"product_cat-equipements-et-accessoires","8":"product_cat-equipements-standards","11":"instock","12":"shipping-taxable","13":"product-type-simple"},"acf":[],"_links":{"self":[{"href":"https:\/\/procap.fr\/en\/wp-json\/wp\/v2\/product\/30312","targetHints":{"allow":["GET"]}}],"collection":[{"href":"https:\/\/procap.fr\/en\/wp-json\/wp\/v2\/product"}],"about":[{"href":"https:\/\/procap.fr\/en\/wp-json\/wp\/v2\/types\/product"}],"wp:featuredmedia":[{"embeddable":true,"href":"https:\/\/procap.fr\/en\/wp-json\/wp\/v2\/media\/30872"}],"wp:attachment":[{"href":"https:\/\/procap.fr\/en\/wp-json\/wp\/v2\/media?parent=30312"}],"wp:term":[{"taxonomy":"product_brand","embeddable":true,"href":"https:\/\/procap.fr\/en\/wp-json\/wp\/v2\/product_brand?post=30312"},{"taxonomy":"product_cat","embeddable":true,"href":"https:\/\/procap.fr\/en\/wp-json\/wp\/v2\/product_cat?post=30312"},{"taxonomy":"product_tag","embeddable":true,"href":"https:\/\/procap.fr\/en\/wp-json\/wp\/v2\/product_tag?post=30312"}],"curies":[{"name":"wp","href":"https:\/\/api.w.org\/{rel}","templated":true}]}}