{"id":30255,"date":"2023-08-07T16:06:30","date_gmt":"2023-08-07T20:06:30","guid":{"rendered":"https:\/\/procap.fr\/?post_type=product&#038;p=30255"},"modified":"2025-09-15T14:29:06","modified_gmt":"2025-09-15T18:29:06","slug":"cables-rallonges-electriques","status":"publish","type":"product","link":"https:\/\/procap.fr\/en\/product\/cables-rallonges-electriques\/","title":{"rendered":"C\u00e2bles et rallonges \u00e9lectriques"},"content":{"rendered":"<p>C\u00e2bles et rallonges \u00e9lectriques\u00a0pour Solido.<\/p>\n<p>Avec connecteurs male \/ femelle de 5m et 15m.<\/p>\n<p>Cable \u00e9lectrique 30m (raccord capsule).<\/p>\n","protected":false},"excerpt":{"rendered":"<p>C\u00e2bles et rallonges \u00e9lectriques\u00a0pour Solido.<\/p>\n","protected":false},"featured_media":0,"template":"","meta":{"_acf_changed":false,"inline_featured_image":false},"product_brand":[],"product_cat":[520,100,98],"product_tag":[],"class_list":{"0":"post-30255","1":"product","2":"type-product","3":"status-publish","5":"product_cat-accessoires-2","6":"product_cat-equipements-et-accessoires-fosses","7":"product_cat-solido","10":"instock","11":"shipping-taxable","12":"product-type-simple"},"acf":[],"_links":{"self":[{"href":"https:\/\/procap.fr\/en\/wp-json\/wp\/v2\/product\/30255","targetHints":{"allow":["GET"]}}],"collection":[{"href":"https:\/\/procap.fr\/en\/wp-json\/wp\/v2\/product"}],"about":[{"href":"https:\/\/procap.fr\/en\/wp-json\/wp\/v2\/types\/product"}],"wp:attachment":[{"href":"https:\/\/procap.fr\/en\/wp-json\/wp\/v2\/media?parent=30255"}],"wp:term":[{"taxonomy":"product_brand","embeddable":true,"href":"https:\/\/procap.fr\/en\/wp-json\/wp\/v2\/product_brand?post=30255"},{"taxonomy":"product_cat","embeddable":true,"href":"https:\/\/procap.fr\/en\/wp-json\/wp\/v2\/product_cat?post=30255"},{"taxonomy":"product_tag","embeddable":true,"href":"https:\/\/procap.fr\/en\/wp-json\/wp\/v2\/product_tag?post=30255"}],"curies":[{"name":"wp","href":"https:\/\/api.w.org\/{rel}","templated":true}]}}