{"id":30254,"date":"2023-08-07T15:49:40","date_gmt":"2023-08-07T19:49:40","guid":{"rendered":"https:\/\/procap.fr\/?post_type=product&#038;p=30254"},"modified":"2025-09-15T14:29:19","modified_gmt":"2025-09-15T18:29:19","slug":"soudures-joints-etancheite","status":"publish","type":"product","link":"https:\/\/procap.fr\/en\/product\/soudures-joints-etancheite\/","title":{"rendered":"Soudures et joints pour \u00e9tanch\u00e9it\u00e9"},"content":{"rendered":"<p>Soudure \u00e9tanche pour conne et r\u00e9hausse de cuve.<\/p>\n<p>Joints 600 pour r\u00e9hausses VS-20, VS-60 et anneaux interm\u00e9diaires diam\u00e8tre 600mm.<\/p>\n<p>Joints 800 pour connes et anneaux interm\u00e9diaires diam\u00e8tre 800mm.<\/p>\n","protected":false},"excerpt":{"rendered":"<p>Soudures et joints pour \u00e9tanch\u00e9it\u00e9 Solido.<\/p>\n","protected":false},"featured_media":30890,"template":"","meta":{"_acf_changed":false,"inline_featured_image":false},"product_brand":[],"product_cat":[521,100],"product_tag":[],"class_list":{"0":"post-30254","1":"product","2":"type-product","3":"status-publish","4":"has-post-thumbnail","6":"product_cat-accessoires-3","7":"product_cat-equipements-et-accessoires-fosses","10":"instock","11":"shipping-taxable","12":"product-type-simple"},"acf":[],"_links":{"self":[{"href":"https:\/\/procap.fr\/en\/wp-json\/wp\/v2\/product\/30254","targetHints":{"allow":["GET"]}}],"collection":[{"href":"https:\/\/procap.fr\/en\/wp-json\/wp\/v2\/product"}],"about":[{"href":"https:\/\/procap.fr\/en\/wp-json\/wp\/v2\/types\/product"}],"wp:featuredmedia":[{"embeddable":true,"href":"https:\/\/procap.fr\/en\/wp-json\/wp\/v2\/media\/30890"}],"wp:attachment":[{"href":"https:\/\/procap.fr\/en\/wp-json\/wp\/v2\/media?parent=30254"}],"wp:term":[{"taxonomy":"product_brand","embeddable":true,"href":"https:\/\/procap.fr\/en\/wp-json\/wp\/v2\/product_brand?post=30254"},{"taxonomy":"product_cat","embeddable":true,"href":"https:\/\/procap.fr\/en\/wp-json\/wp\/v2\/product_cat?post=30254"},{"taxonomy":"product_tag","embeddable":true,"href":"https:\/\/procap.fr\/en\/wp-json\/wp\/v2\/product_tag?post=30254"}],"curies":[{"name":"wp","href":"https:\/\/api.w.org\/{rel}","templated":true}]}}