{"id":30244,"date":"2023-08-07T11:43:04","date_gmt":"2023-08-07T15:43:04","guid":{"rendered":"https:\/\/procap.fr\/?post_type=product&#038;p=30244"},"modified":"2025-12-11T12:11:16","modified_gmt":"2025-12-11T16:11:16","slug":"solido","status":"publish","type":"product","link":"https:\/\/procap.fr\/en\/product\/solido\/","title":{"rendered":"Solido"},"content":{"rendered":"<p>Le Solido : ultra compact et discret, robuste, fiable et facile \u00e0 poser.<\/p>\n<p>Le traitement s\u2019effectue par s\u00e9quences pr\u00e9 programm\u00e9es.<\/p>\n<p>Le cycle d\u00e9bute par une p\u00e9riode d\u2019alimentation en eaux us\u00e9es suivi d\u2019un cycle d\u2019a\u00e9ration.<\/p>\n<p>L\u2019oxyg\u00e9nation dans cette cuve permet la d\u00e9gradation de la pollution par des bact\u00e9ries a\u00e9robies.<\/p>\n<p>Ce syst\u00e8me de traitement biologique sur culture libre permet de traiter efficacement les eaux us\u00e9es domestiques de 5, 6 et 10 EH par b\u00e2ch\u00e9es (contr\u00f4le hydraulique de mani\u00e8re s\u00e9quentielle) ceci via un tableau de commande automatis\u00e9 et pr\u00e9alablement programm\u00e9.<\/p>\n<p>Un seul c\u00e2ble de connexion entre le boitier de contr\u00f4le et le r\u00e9servoir est n\u00e9cessaire.<\/p>\n","protected":false},"excerpt":{"rendered":"<p>Le Solido : ultra compact et discret, robuste, fiable et facile \u00e0 poser.<\/p>\n","protected":false},"featured_media":0,"template":"","meta":{"_acf_changed":false,"inline_featured_image":false},"product_brand":[],"product_cat":[98],"product_tag":[],"class_list":{"0":"post-30244","1":"product","2":"type-product","3":"status-publish","5":"product_cat-solido","8":"instock","9":"shipping-taxable","10":"product-type-simple"},"acf":[],"_links":{"self":[{"href":"https:\/\/procap.fr\/en\/wp-json\/wp\/v2\/product\/30244","targetHints":{"allow":["GET"]}}],"collection":[{"href":"https:\/\/procap.fr\/en\/wp-json\/wp\/v2\/product"}],"about":[{"href":"https:\/\/procap.fr\/en\/wp-json\/wp\/v2\/types\/product"}],"wp:attachment":[{"href":"https:\/\/procap.fr\/en\/wp-json\/wp\/v2\/media?parent=30244"}],"wp:term":[{"taxonomy":"product_brand","embeddable":true,"href":"https:\/\/procap.fr\/en\/wp-json\/wp\/v2\/product_brand?post=30244"},{"taxonomy":"product_cat","embeddable":true,"href":"https:\/\/procap.fr\/en\/wp-json\/wp\/v2\/product_cat?post=30244"},{"taxonomy":"product_tag","embeddable":true,"href":"https:\/\/procap.fr\/en\/wp-json\/wp\/v2\/product_tag?post=30244"}],"curies":[{"name":"wp","href":"https:\/\/api.w.org\/{rel}","templated":true}]}}