{"id":30228,"date":"2023-08-04T12:17:23","date_gmt":"2023-08-04T16:17:23","guid":{"rendered":"https:\/\/procap.fr\/?post_type=product&#038;p=30228"},"modified":"2025-09-15T14:25:54","modified_gmt":"2025-09-15T18:25:54","slug":"prefiltre-fosse-toutes-eaux","status":"publish","type":"product","link":"https:\/\/procap.fr\/en\/product\/prefiltre-fosse-toutes-eaux\/","title":{"rendered":"Pr\u00e9filtre fosse toutes eaux"},"content":{"rendered":"<p>Pr\u00e9filtre obligatoire \u00e0 mettre dans la fosse toutes eaux avant Ecoflo.<\/p>\n","protected":false},"excerpt":{"rendered":"<p>Pr\u00e9filtre obligatoire \u00e0 mettre dans la fosse toutes eaux avant Ecoflo.<\/p>\n","protected":false},"featured_media":30419,"template":"","meta":{"_acf_changed":false,"inline_featured_image":false},"product_brand":[],"product_cat":[521,100],"product_tag":[],"class_list":{"0":"post-30228","1":"product","2":"type-product","3":"status-publish","4":"has-post-thumbnail","6":"product_cat-accessoires-3","7":"product_cat-equipements-et-accessoires-fosses","10":"instock","11":"shipping-taxable","12":"product-type-simple"},"acf":[],"_links":{"self":[{"href":"https:\/\/procap.fr\/en\/wp-json\/wp\/v2\/product\/30228","targetHints":{"allow":["GET"]}}],"collection":[{"href":"https:\/\/procap.fr\/en\/wp-json\/wp\/v2\/product"}],"about":[{"href":"https:\/\/procap.fr\/en\/wp-json\/wp\/v2\/types\/product"}],"wp:featuredmedia":[{"embeddable":true,"href":"https:\/\/procap.fr\/en\/wp-json\/wp\/v2\/media\/30419"}],"wp:attachment":[{"href":"https:\/\/procap.fr\/en\/wp-json\/wp\/v2\/media?parent=30228"}],"wp:term":[{"taxonomy":"product_brand","embeddable":true,"href":"https:\/\/procap.fr\/en\/wp-json\/wp\/v2\/product_brand?post=30228"},{"taxonomy":"product_cat","embeddable":true,"href":"https:\/\/procap.fr\/en\/wp-json\/wp\/v2\/product_cat?post=30228"},{"taxonomy":"product_tag","embeddable":true,"href":"https:\/\/procap.fr\/en\/wp-json\/wp\/v2\/product_tag?post=30228"}],"curies":[{"name":"wp","href":"https:\/\/api.w.org\/{rel}","templated":true}]}}