{"id":30226,"date":"2023-08-04T12:00:30","date_gmt":"2023-08-04T16:00:30","guid":{"rendered":"https:\/\/procap.fr\/?post_type=product&#038;p=30226"},"modified":"2025-09-15T14:29:56","modified_gmt":"2025-09-15T18:29:56","slug":"repartiteur-a-surverse","status":"publish","type":"product","link":"https:\/\/procap.fr\/en\/product\/repartiteur-a-surverse\/","title":{"rendered":"R\u00e9partiteur \u00e0 surverse"},"content":{"rendered":"<p>Existe en 2 voies, 3 voies, 4 voies.<\/p>\n<p>Mont\u00e9 en usine sur chaque filtre Ecoflo (Monobloc \/ Regroup\u00e9).<\/p>\n<p>Facile \u00e0 nettoyer.<\/p>\n<p>Acc\u00e8s facile (couvercle large et d\u00e9port\u00e9), r\u00e9glage intuitif et sans outils.<\/p>\n","protected":false},"excerpt":{"rendered":"<p>Existe en 2 voies, 3 voies, 4 voies.<\/p>\n","protected":false},"featured_media":30409,"template":"","meta":{"_acf_changed":false,"inline_featured_image":false},"product_brand":[],"product_cat":[519,518,100,447],"product_tag":[],"class_list":{"0":"post-30226","1":"product","2":"type-product","3":"status-publish","4":"has-post-thumbnail","6":"product_cat-accessoires","7":"product_cat-ecoflo","8":"product_cat-equipements-et-accessoires-fosses","9":"product_cat-repartiteurs","12":"instock","13":"shipping-taxable","14":"product-type-simple"},"acf":[],"_links":{"self":[{"href":"https:\/\/procap.fr\/en\/wp-json\/wp\/v2\/product\/30226","targetHints":{"allow":["GET"]}}],"collection":[{"href":"https:\/\/procap.fr\/en\/wp-json\/wp\/v2\/product"}],"about":[{"href":"https:\/\/procap.fr\/en\/wp-json\/wp\/v2\/types\/product"}],"wp:featuredmedia":[{"embeddable":true,"href":"https:\/\/procap.fr\/en\/wp-json\/wp\/v2\/media\/30409"}],"wp:attachment":[{"href":"https:\/\/procap.fr\/en\/wp-json\/wp\/v2\/media?parent=30226"}],"wp:term":[{"taxonomy":"product_brand","embeddable":true,"href":"https:\/\/procap.fr\/en\/wp-json\/wp\/v2\/product_brand?post=30226"},{"taxonomy":"product_cat","embeddable":true,"href":"https:\/\/procap.fr\/en\/wp-json\/wp\/v2\/product_cat?post=30226"},{"taxonomy":"product_tag","embeddable":true,"href":"https:\/\/procap.fr\/en\/wp-json\/wp\/v2\/product_tag?post=30226"}],"curies":[{"name":"wp","href":"https:\/\/api.w.org\/{rel}","templated":true}]}}