{"id":30225,"date":"2023-08-04T11:51:29","date_gmt":"2023-08-04T15:51:29","guid":{"rendered":"https:\/\/procap.fr\/?post_type=product&#038;p=30225"},"modified":"2025-09-15T14:30:10","modified_gmt":"2025-09-15T18:30:10","slug":"rehausse-pour-repartiteur","status":"publish","type":"product","link":"https:\/\/procap.fr\/en\/product\/rehausse-pour-repartiteur\/","title":{"rendered":"R\u00e9hausse pour r\u00e9partiteur"},"content":{"rendered":"<p>R\u00e9hausse pour r\u00e9partiteur 2 \u00e0 4 voies.<\/p>\n<p>R\u00e9f : REHSEP.<\/p>\n","protected":false},"excerpt":{"rendered":"<p>R\u00e9hausse pour r\u00e9partiteur 2 \u00e0 4 voies.<\/p>\n","protected":false},"featured_media":0,"template":"","meta":{"_acf_changed":false,"inline_featured_image":false},"product_brand":[],"product_cat":[100,447],"product_tag":[],"class_list":{"0":"post-30225","1":"product","2":"type-product","3":"status-publish","5":"product_cat-equipements-et-accessoires-fosses","6":"product_cat-repartiteurs","9":"instock","10":"shipping-taxable","11":"product-type-simple"},"acf":[],"_links":{"self":[{"href":"https:\/\/procap.fr\/en\/wp-json\/wp\/v2\/product\/30225","targetHints":{"allow":["GET"]}}],"collection":[{"href":"https:\/\/procap.fr\/en\/wp-json\/wp\/v2\/product"}],"about":[{"href":"https:\/\/procap.fr\/en\/wp-json\/wp\/v2\/types\/product"}],"wp:attachment":[{"href":"https:\/\/procap.fr\/en\/wp-json\/wp\/v2\/media?parent=30225"}],"wp:term":[{"taxonomy":"product_brand","embeddable":true,"href":"https:\/\/procap.fr\/en\/wp-json\/wp\/v2\/product_brand?post=30225"},{"taxonomy":"product_cat","embeddable":true,"href":"https:\/\/procap.fr\/en\/wp-json\/wp\/v2\/product_cat?post=30225"},{"taxonomy":"product_tag","embeddable":true,"href":"https:\/\/procap.fr\/en\/wp-json\/wp\/v2\/product_tag?post=30225"}],"curies":[{"name":"wp","href":"https:\/\/api.w.org\/{rel}","templated":true}]}}