{"id":30222,"date":"2023-08-07T16:57:03","date_gmt":"2023-08-07T20:57:03","guid":{"rendered":"https:\/\/procap.fr\/?post_type=product&#038;p=30222"},"modified":"2025-09-15T14:26:58","modified_gmt":"2025-09-15T18:26:58","slug":"rehausse-de-separateur-a-graisse","status":"publish","type":"product","link":"https:\/\/procap.fr\/en\/product\/rehausse-de-separateur-a-graisse\/","title":{"rendered":"R\u00e9hausse de s\u00e9parateur \u00e0 graisse"},"content":{"rendered":"<p>Rehausses 200L \/ 500L disponibles : hauteur utile 15 cm.<br \/>\nRehausses 1000L \/ 2000L disponibles : hauteur utile 35 cm.<\/p>\n<p>D\u2019autres volumes sont disponibles pour les restaurants, les cuisines collectives&#8230; <a href=\"https:\/\/procap.fr\/contact\/\">Contactez-nous<\/a>.<\/p>\n","protected":false},"excerpt":{"rendered":"<p>Rehausses 200L \/ 500L disponibles : hauteur utile 15 cm.<br \/>\nRehausses 1000L \/ 2000L disponibles : hauteur utile 35 cm.<\/p>\n","protected":false},"featured_media":30423,"template":"","meta":{"_acf_changed":false,"inline_featured_image":false},"product_brand":[],"product_cat":[521,100],"product_tag":[],"class_list":{"0":"post-30222","1":"product","2":"type-product","3":"status-publish","4":"has-post-thumbnail","6":"product_cat-accessoires-3","7":"product_cat-equipements-et-accessoires-fosses","10":"instock","11":"shipping-taxable","12":"product-type-simple"},"acf":[],"_links":{"self":[{"href":"https:\/\/procap.fr\/en\/wp-json\/wp\/v2\/product\/30222","targetHints":{"allow":["GET"]}}],"collection":[{"href":"https:\/\/procap.fr\/en\/wp-json\/wp\/v2\/product"}],"about":[{"href":"https:\/\/procap.fr\/en\/wp-json\/wp\/v2\/types\/product"}],"wp:featuredmedia":[{"embeddable":true,"href":"https:\/\/procap.fr\/en\/wp-json\/wp\/v2\/media\/30423"}],"wp:attachment":[{"href":"https:\/\/procap.fr\/en\/wp-json\/wp\/v2\/media?parent=30222"}],"wp:term":[{"taxonomy":"product_brand","embeddable":true,"href":"https:\/\/procap.fr\/en\/wp-json\/wp\/v2\/product_brand?post=30222"},{"taxonomy":"product_cat","embeddable":true,"href":"https:\/\/procap.fr\/en\/wp-json\/wp\/v2\/product_cat?post=30222"},{"taxonomy":"product_tag","embeddable":true,"href":"https:\/\/procap.fr\/en\/wp-json\/wp\/v2\/product_tag?post=30222"}],"curies":[{"name":"wp","href":"https:\/\/api.w.org\/{rel}","templated":true}]}}