{"id":30207,"date":"2023-08-03T16:59:20","date_gmt":"2023-08-03T20:59:20","guid":{"rendered":"https:\/\/procap.fr\/?post_type=product&#038;p=30207"},"modified":"2025-09-15T14:34:54","modified_gmt":"2025-09-15T18:34:54","slug":"gamme-ecoflo-regroupe","status":"publish","type":"product","link":"https:\/\/procap.fr\/en\/product\/gamme-ecoflo-regroupe\/","title":{"rendered":"Gamme Ecoflo regroup\u00e9"},"content":{"rendered":"<p>Les solutions Ecoflo regroup\u00e9 (enveloppe du filtre en polyester arm\u00e9 ou PEHD) sont con\u00e7ues pour d\u00e9polluer efficacement les eaux us\u00e9es domestiques dans le cadre de l\u2019Assainissement Non Collectif regroup\u00e9 ou Petit collectif, de 26EH \u00e0 152EH.<\/p>\n","protected":false},"excerpt":{"rendered":"<p>Ecoflo regroup\u00e9 : la solution performante, fiable et sans \u00e9nergie !<\/p>\n","protected":false},"featured_media":30375,"template":"","meta":{"_acf_changed":false,"inline_featured_image":false},"product_brand":[],"product_cat":[99],"product_tag":[],"class_list":{"0":"post-30207","1":"product","2":"type-product","3":"status-publish","4":"has-post-thumbnail","6":"product_cat-ecoflo-regroupe","9":"instock","10":"shipping-taxable","11":"product-type-simple"},"acf":[],"_links":{"self":[{"href":"https:\/\/procap.fr\/en\/wp-json\/wp\/v2\/product\/30207","targetHints":{"allow":["GET"]}}],"collection":[{"href":"https:\/\/procap.fr\/en\/wp-json\/wp\/v2\/product"}],"about":[{"href":"https:\/\/procap.fr\/en\/wp-json\/wp\/v2\/types\/product"}],"wp:featuredmedia":[{"embeddable":true,"href":"https:\/\/procap.fr\/en\/wp-json\/wp\/v2\/media\/30375"}],"wp:attachment":[{"href":"https:\/\/procap.fr\/en\/wp-json\/wp\/v2\/media?parent=30207"}],"wp:term":[{"taxonomy":"product_brand","embeddable":true,"href":"https:\/\/procap.fr\/en\/wp-json\/wp\/v2\/product_brand?post=30207"},{"taxonomy":"product_cat","embeddable":true,"href":"https:\/\/procap.fr\/en\/wp-json\/wp\/v2\/product_cat?post=30207"},{"taxonomy":"product_tag","embeddable":true,"href":"https:\/\/procap.fr\/en\/wp-json\/wp\/v2\/product_tag?post=30207"}],"curies":[{"name":"wp","href":"https:\/\/api.w.org\/{rel}","templated":true}]}}