{"id":30200,"date":"2023-08-03T12:02:01","date_gmt":"2023-08-03T16:02:01","guid":{"rendered":"https:\/\/procap.fr\/?post_type=product&#038;p=30200"},"modified":"2025-09-15T14:39:23","modified_gmt":"2025-09-15T18:39:23","slug":"filtre-a-sable","status":"publish","type":"product","link":"https:\/\/procap.fr\/en\/product\/filtre-a-sable\/","title":{"rendered":"Filtre \u00e0 sable"},"content":{"rendered":"<p>Ce type d\u2019assainissement peut \u00eatre mis en place dans des sols peu perm\u00e9able.<\/p>\n<p>Le filtre \u00e0 sable doit souvent \u00eatre \u00e9tanch\u00e9 et drain\u00e9 (dans le cas de sol peu perm\u00e9able ou argileux).<\/p>\n<p>Ceci n\u00e9cessite dans la majorit\u00e9 des cas, un poste de relevage en sortie.<\/p>\n<p>Pour finir, un r\u00e9seau d\u2019infiltration des eaux trait\u00e9es en surface du sol peut \u00eatre mis en place car il est demand\u00e9 que l\u2019infiltration se fasse en priorit\u00e9 sur la parcelle.<\/p>\n<p>Equipement pour filtre \u00e0 sable : les filtres compacts ECO-Diffuseur + s\u2019installent en sortie de fosse et permettent de r\u00e9aliser des \u00e9pandages et filtres \u00e0 sable r\u00e9duits. Ils conviennent aux petits terrains, avec l\u2019accord pr\u00e9alable des Services Sanitaires comp\u00e9tents.<\/p>\n","protected":false},"excerpt":{"rendered":"<p>Ce type d\u2019assainissement peut \u00eatre mis en place dans des sols peu perm\u00e9able.<\/p>\n","protected":false},"featured_media":0,"template":"","meta":{"_acf_changed":false,"inline_featured_image":false},"product_brand":[],"product_cat":[95,92,522],"product_tag":[],"class_list":{"0":"post-30200","1":"product","2":"type-product","3":"status-publish","5":"product_cat-filtres-a-sable","6":"product_cat-fosses","7":"product_cat-maxicap-minicap-filtre-a-sable","10":"instock","11":"shipping-taxable","12":"product-type-simple"},"acf":[],"_links":{"self":[{"href":"https:\/\/procap.fr\/en\/wp-json\/wp\/v2\/product\/30200","targetHints":{"allow":["GET"]}}],"collection":[{"href":"https:\/\/procap.fr\/en\/wp-json\/wp\/v2\/product"}],"about":[{"href":"https:\/\/procap.fr\/en\/wp-json\/wp\/v2\/types\/product"}],"wp:attachment":[{"href":"https:\/\/procap.fr\/en\/wp-json\/wp\/v2\/media?parent=30200"}],"wp:term":[{"taxonomy":"product_brand","embeddable":true,"href":"https:\/\/procap.fr\/en\/wp-json\/wp\/v2\/product_brand?post=30200"},{"taxonomy":"product_cat","embeddable":true,"href":"https:\/\/procap.fr\/en\/wp-json\/wp\/v2\/product_cat?post=30200"},{"taxonomy":"product_tag","embeddable":true,"href":"https:\/\/procap.fr\/en\/wp-json\/wp\/v2\/product_tag?post=30200"}],"curies":[{"name":"wp","href":"https:\/\/api.w.org\/{rel}","templated":true}]}}