{"id":30198,"date":"2023-08-03T11:37:54","date_gmt":"2023-08-03T15:37:54","guid":{"rendered":"https:\/\/procap.fr\/?post_type=product&#038;p=30198"},"modified":"2025-09-15T14:36:04","modified_gmt":"2025-09-15T18:36:04","slug":"electroflo","status":"publish","type":"product","link":"https:\/\/procap.fr\/en\/product\/electroflo\/","title":{"rendered":"Station de relevage Electroflo"},"content":{"rendered":"<p>Fabrication polyester fibre de verre arm\u00e9e de silice\u00a0(norme NF88.551).<\/p>\n<p>La finition gel coat limitant l\u2019adh\u00e9rence des mati\u00e8res, et les fonds sp\u00e9cialement renforc\u00e9s et profil\u00e9s.<\/p>\n","protected":false},"excerpt":{"rendered":"<p>Fabrication polyester fibre de verre arm\u00e9e de silice\u00a0(norme NF88.551).<\/p>\n","protected":false},"featured_media":0,"template":"","meta":{"_acf_changed":false,"inline_featured_image":false},"product_brand":[],"product_cat":[521,100,114],"product_tag":[],"class_list":{"0":"post-30198","1":"product","2":"type-product","3":"status-publish","5":"product_cat-accessoires-3","6":"product_cat-equipements-et-accessoires-fosses","7":"product_cat-poste-de-relevage","10":"instock","11":"shipping-taxable","12":"product-type-simple"},"acf":[],"_links":{"self":[{"href":"https:\/\/procap.fr\/en\/wp-json\/wp\/v2\/product\/30198","targetHints":{"allow":["GET"]}}],"collection":[{"href":"https:\/\/procap.fr\/en\/wp-json\/wp\/v2\/product"}],"about":[{"href":"https:\/\/procap.fr\/en\/wp-json\/wp\/v2\/types\/product"}],"wp:attachment":[{"href":"https:\/\/procap.fr\/en\/wp-json\/wp\/v2\/media?parent=30198"}],"wp:term":[{"taxonomy":"product_brand","embeddable":true,"href":"https:\/\/procap.fr\/en\/wp-json\/wp\/v2\/product_brand?post=30198"},{"taxonomy":"product_cat","embeddable":true,"href":"https:\/\/procap.fr\/en\/wp-json\/wp\/v2\/product_cat?post=30198"},{"taxonomy":"product_tag","embeddable":true,"href":"https:\/\/procap.fr\/en\/wp-json\/wp\/v2\/product_tag?post=30198"}],"curies":[{"name":"wp","href":"https:\/\/api.w.org\/{rel}","templated":true}]}}