{"id":30190,"date":"2023-08-03T11:04:16","date_gmt":"2023-08-03T15:04:16","guid":{"rendered":"https:\/\/procap.fr\/?post_type=product&#038;p=30190"},"modified":"2025-09-15T14:37:06","modified_gmt":"2025-09-15T18:37:06","slug":"geoplus","status":"publish","type":"product","link":"https:\/\/procap.fr\/en\/product\/geoplus\/","title":{"rendered":"G\u00e9otextile G\u00e9oPlus"},"content":{"rendered":"<p>G\u00e9otextile sp\u00e9cial tranch\u00e9es d\u2019\u00e9pandage.<\/p>\n<p>Conforme \u00e0 la r\u00e9glementation en vigueur.<\/p>\n","protected":false},"excerpt":{"rendered":"<p>G\u00e9otextile sp\u00e9cial tranch\u00e9es d\u2019\u00e9pandage.<\/p>\n","protected":false},"featured_media":0,"template":"","meta":{"_acf_changed":false,"inline_featured_image":false},"product_brand":[],"product_cat":[521,100,413,95],"product_tag":[],"class_list":{"0":"post-30190","1":"product","2":"type-product","3":"status-publish","5":"product_cat-accessoires-3","6":"product_cat-equipements-et-accessoires-fosses","7":"product_cat-films-et-geotextiles","8":"product_cat-filtres-a-sable","11":"instock","12":"shipping-taxable","13":"product-type-simple"},"acf":[],"_links":{"self":[{"href":"https:\/\/procap.fr\/en\/wp-json\/wp\/v2\/product\/30190","targetHints":{"allow":["GET"]}}],"collection":[{"href":"https:\/\/procap.fr\/en\/wp-json\/wp\/v2\/product"}],"about":[{"href":"https:\/\/procap.fr\/en\/wp-json\/wp\/v2\/types\/product"}],"wp:attachment":[{"href":"https:\/\/procap.fr\/en\/wp-json\/wp\/v2\/media?parent=30190"}],"wp:term":[{"taxonomy":"product_brand","embeddable":true,"href":"https:\/\/procap.fr\/en\/wp-json\/wp\/v2\/product_brand?post=30190"},{"taxonomy":"product_cat","embeddable":true,"href":"https:\/\/procap.fr\/en\/wp-json\/wp\/v2\/product_cat?post=30190"},{"taxonomy":"product_tag","embeddable":true,"href":"https:\/\/procap.fr\/en\/wp-json\/wp\/v2\/product_tag?post=30190"}],"curies":[{"name":"wp","href":"https:\/\/api.w.org\/{rel}","templated":true}]}}