{"id":30189,"date":"2023-08-03T10:58:19","date_gmt":"2023-08-03T14:58:19","guid":{"rendered":"https:\/\/procap.fr\/?post_type=product&#038;p=30189"},"modified":"2025-09-15T14:37:14","modified_gmt":"2025-09-15T18:37:14","slug":"geokit","status":"publish","type":"product","link":"https:\/\/procap.fr\/en\/product\/geokit\/","title":{"rendered":"Films et g\u00e9otextile G\u00e9oKit"},"content":{"rendered":"<p>Ensemble films et g\u00e9otextile pour filtre \u00e0 sable.<\/p>\n<p>Conforme \u00e0 la r\u00e9glementation en vigueur.<\/p>\n","protected":false},"excerpt":{"rendered":"<p>Ensemble films et g\u00e9otextile pour filtre \u00e0 sable.<\/p>\n","protected":false},"featured_media":0,"template":"","meta":{"_acf_changed":false,"inline_featured_image":false},"product_brand":[],"product_cat":[521,100,413],"product_tag":[],"class_list":{"0":"post-30189","1":"product","2":"type-product","3":"status-publish","5":"product_cat-accessoires-3","6":"product_cat-equipements-et-accessoires-fosses","7":"product_cat-films-et-geotextiles","10":"instock","11":"shipping-taxable","12":"product-type-simple"},"acf":[],"_links":{"self":[{"href":"https:\/\/procap.fr\/en\/wp-json\/wp\/v2\/product\/30189","targetHints":{"allow":["GET"]}}],"collection":[{"href":"https:\/\/procap.fr\/en\/wp-json\/wp\/v2\/product"}],"about":[{"href":"https:\/\/procap.fr\/en\/wp-json\/wp\/v2\/types\/product"}],"wp:attachment":[{"href":"https:\/\/procap.fr\/en\/wp-json\/wp\/v2\/media?parent=30189"}],"wp:term":[{"taxonomy":"product_brand","embeddable":true,"href":"https:\/\/procap.fr\/en\/wp-json\/wp\/v2\/product_brand?post=30189"},{"taxonomy":"product_cat","embeddable":true,"href":"https:\/\/procap.fr\/en\/wp-json\/wp\/v2\/product_cat?post=30189"},{"taxonomy":"product_tag","embeddable":true,"href":"https:\/\/procap.fr\/en\/wp-json\/wp\/v2\/product_tag?post=30189"}],"curies":[{"name":"wp","href":"https:\/\/api.w.org\/{rel}","templated":true}]}}