{"id":30176,"date":"2023-08-02T18:20:47","date_gmt":"2023-08-02T22:20:47","guid":{"rendered":"https:\/\/procap.fr\/?post_type=product&#038;p=30176"},"modified":"2025-09-15T14:37:59","modified_gmt":"2025-09-15T18:37:59","slug":"maxicap","status":"publish","type":"product","link":"https:\/\/procap.fr\/en\/product\/maxicap\/","title":{"rendered":"Fosse septique MaxiCap \u2013 Collectif"},"content":{"rendered":"<p>Fosse toutes eaux pour semi-collectifs et collectifs.<\/p>\n<p>Capacit\u00e9s : 8, 10, 13, 16, 19, 22, 25, 30, 35, et 40m<sup>3<\/sup>.<\/p>\n<p>Norme CE jusqu\u2019\u00e0 22m<sup>3<\/sup>.<\/p>\n","protected":false},"excerpt":{"rendered":"<p>Fosse toutes eaux pour semi-collectifs et collectifs : la fosse toutes eaux MaxiCap se distingue par sa grande capacit\u00e9 et sa robustesse.<\/p>\n<p>Elle garantit une gestion optimale des volumes plus cons\u00e9quents d\u2019eaux us\u00e9es tout en conservant une installation simple et s\u00e9curis\u00e9e.<\/p>\n","protected":false},"featured_media":0,"template":"","meta":{"_acf_changed":false,"inline_featured_image":false},"product_brand":[],"product_cat":[92,522],"product_tag":[],"class_list":{"0":"post-30176","1":"product","2":"type-product","3":"status-publish","5":"product_cat-fosses","6":"product_cat-maxicap-minicap-filtre-a-sable","9":"instock","10":"shipping-taxable","11":"product-type-simple"},"acf":[],"_links":{"self":[{"href":"https:\/\/procap.fr\/en\/wp-json\/wp\/v2\/product\/30176","targetHints":{"allow":["GET"]}}],"collection":[{"href":"https:\/\/procap.fr\/en\/wp-json\/wp\/v2\/product"}],"about":[{"href":"https:\/\/procap.fr\/en\/wp-json\/wp\/v2\/types\/product"}],"wp:attachment":[{"href":"https:\/\/procap.fr\/en\/wp-json\/wp\/v2\/media?parent=30176"}],"wp:term":[{"taxonomy":"product_brand","embeddable":true,"href":"https:\/\/procap.fr\/en\/wp-json\/wp\/v2\/product_brand?post=30176"},{"taxonomy":"product_cat","embeddable":true,"href":"https:\/\/procap.fr\/en\/wp-json\/wp\/v2\/product_cat?post=30176"},{"taxonomy":"product_tag","embeddable":true,"href":"https:\/\/procap.fr\/en\/wp-json\/wp\/v2\/product_tag?post=30176"}],"curies":[{"name":"wp","href":"https:\/\/api.w.org\/{rel}","templated":true}]}}