{"id":30174,"date":"2023-08-02T17:54:59","date_gmt":"2023-08-02T21:54:59","guid":{"rendered":"https:\/\/procap.fr\/?post_type=product&#038;p=30174"},"modified":"2025-09-10T14:23:44","modified_gmt":"2025-09-10T18:23:44","slug":"minicap","status":"publish","type":"product","link":"https:\/\/procap.fr\/en\/product\/minicap\/","title":{"rendered":"Fosse septique MiniCap \u2013 Individuel"},"content":{"rendered":"<p>Fosse toutes eaux pour maisons individuelles et petits collectifs.<\/p>\n<p>Capacit\u00e9s : 3, 4, 5 et 6 m<sup>3<\/sup>.<\/p>\n<p>Conformes \u00e0 la norme europ\u00e9enne EN 12566-1.<\/p>\n","protected":false},"excerpt":{"rendered":"<p><span style=\"font-weight: 400;\">La fosse toutes eaux MiniCap est la solution id\u00e9ale pour les habitations individuelles et les petits collectifs.<\/span><\/p>\n<p><span style=\"font-weight: 400;\">Compacte, l\u00e9g\u00e8re et simple \u00e0 installer, c\u2019est le choix malin pour \u00e9quiper son logement d\u2019un assainissement efficace et durable, pens\u00e9 pour les particuliers et les petits collectifs..<\/span><\/p>\n","protected":false},"featured_media":0,"template":"","meta":{"_acf_changed":false,"inline_featured_image":false},"product_brand":[],"product_cat":[92,522],"product_tag":[],"class_list":{"0":"post-30174","1":"product","2":"type-product","3":"status-publish","5":"product_cat-fosses","6":"product_cat-maxicap-minicap-filtre-a-sable","9":"instock","10":"featured","11":"shipping-taxable","12":"product-type-simple"},"acf":[],"_links":{"self":[{"href":"https:\/\/procap.fr\/en\/wp-json\/wp\/v2\/product\/30174","targetHints":{"allow":["GET"]}}],"collection":[{"href":"https:\/\/procap.fr\/en\/wp-json\/wp\/v2\/product"}],"about":[{"href":"https:\/\/procap.fr\/en\/wp-json\/wp\/v2\/types\/product"}],"wp:attachment":[{"href":"https:\/\/procap.fr\/en\/wp-json\/wp\/v2\/media?parent=30174"}],"wp:term":[{"taxonomy":"product_brand","embeddable":true,"href":"https:\/\/procap.fr\/en\/wp-json\/wp\/v2\/product_brand?post=30174"},{"taxonomy":"product_cat","embeddable":true,"href":"https:\/\/procap.fr\/en\/wp-json\/wp\/v2\/product_cat?post=30174"},{"taxonomy":"product_tag","embeddable":true,"href":"https:\/\/procap.fr\/en\/wp-json\/wp\/v2\/product_tag?post=30174"}],"curies":[{"name":"wp","href":"https:\/\/api.w.org\/{rel}","templated":true}]}}