{"id":29316,"date":"2023-07-11T12:01:02","date_gmt":"2023-07-11T16:01:02","guid":{"rendered":"https:\/\/procap.fr\/?post_type=product&#038;p=29316"},"modified":"2024-09-26T20:41:47","modified_gmt":"2024-09-27T00:41:47","slug":"prefiltre-et-indicateur-de-colmatage-pour-maxicap","status":"publish","type":"product","link":"https:\/\/procap.fr\/en\/product\/prefiltre-et-indicateur-de-colmatage-pour-maxicap\/","title":{"rendered":"Pr\u00e9filtre et indicateur de colmatage pour MaxiCap"},"content":{"rendered":"<p>Le pr\u00e9filtre ou filtre indicateur de colmatage constitue le fusible du dispositif d\u2019assainissement non collectif.<\/p>\n<p>Plac\u00e9 directement en sortie de fosse (voire directement int\u00e9gr\u00e9 dans celle-ci dans le cas des fosses pr\u00e9fabriqu\u00e9es) et avant le dispositif de traitement, son but est de retenir les mati\u00e8res en suspension contenues dans les effluents qui n\u2019auraient pas \u00e9t\u00e9 \u00e9pur\u00e9s par la fosse septique et d\u2019\u00e9viter ainsi, d\u2019\u00e9ventuels d\u00e9parts de boues vers le dispositif d\u2019\u00e9puration et d\u2019infiltration.<\/p>\n<p>Son utilisation est donc fortement conseill\u00e9e, afin notamment d\u2019\u00e9viter le colmatage du dispositif de traitement en aval.<\/p>\n","protected":false},"excerpt":{"rendered":"<p>Le pr\u00e9filtre ou filtre indicateur de colmatage constitue le fusible du dispositif d\u2019assainissement non collectif.<\/p>\n","protected":false},"featured_media":29317,"template":"","meta":{"_acf_changed":false,"inline_featured_image":false},"product_brand":[],"product_cat":[521,100,92],"product_tag":[],"class_list":{"0":"post-29316","1":"product","2":"type-product","3":"status-publish","4":"has-post-thumbnail","6":"product_cat-accessoires-3","7":"product_cat-equipements-et-accessoires-fosses","8":"product_cat-fosses","11":"instock","12":"shipping-taxable","13":"product-type-simple"},"acf":[],"_links":{"self":[{"href":"https:\/\/procap.fr\/en\/wp-json\/wp\/v2\/product\/29316","targetHints":{"allow":["GET"]}}],"collection":[{"href":"https:\/\/procap.fr\/en\/wp-json\/wp\/v2\/product"}],"about":[{"href":"https:\/\/procap.fr\/en\/wp-json\/wp\/v2\/types\/product"}],"wp:featuredmedia":[{"embeddable":true,"href":"https:\/\/procap.fr\/en\/wp-json\/wp\/v2\/media\/29317"}],"wp:attachment":[{"href":"https:\/\/procap.fr\/en\/wp-json\/wp\/v2\/media?parent=29316"}],"wp:term":[{"taxonomy":"product_brand","embeddable":true,"href":"https:\/\/procap.fr\/en\/wp-json\/wp\/v2\/product_brand?post=29316"},{"taxonomy":"product_cat","embeddable":true,"href":"https:\/\/procap.fr\/en\/wp-json\/wp\/v2\/product_cat?post=29316"},{"taxonomy":"product_tag","embeddable":true,"href":"https:\/\/procap.fr\/en\/wp-json\/wp\/v2\/product_tag?post=29316"}],"curies":[{"name":"wp","href":"https:\/\/api.w.org\/{rel}","templated":true}]}}