{"id":29313,"date":"2023-07-11T11:57:43","date_gmt":"2023-07-11T15:57:43","guid":{"rendered":"https:\/\/procap.fr\/?post_type=product&#038;p=29313"},"modified":"2025-09-15T14:38:32","modified_gmt":"2025-09-15T18:38:32","slug":"separateur-a-graisse","status":"publish","type":"product","link":"https:\/\/procap.fr\/en\/product\/separateur-a-graisse\/","title":{"rendered":"S\u00e9parateur \u00e0 graisse"},"content":{"rendered":"<p>Le s\u00e9parateur \u00e0 graisses est un dispositif destin\u00e9 \u00e0 retenir les graisses et mati\u00e8res d\u00e9cantables contenues dans les eaux r\u00e9siduaires des cuisines telles que les eaux de cuisson ou de refroidissement apr\u00e8s cuisson et les eaux de vaisselle du bac de plonge ou de la machine \u00e0 laver la vaisselle.<\/p>\n<p>Le processus dynamique du s\u00e9parateur \u00e0 graisses repose donc sur le principe de flottaison des graisses puis leur agglom\u00e9ration et solidification en surface lorsque l\u2019eau reste en condition de stagnation.<\/p>\n<p>Il est obligatoire si la fosse est install\u00e9e \u00e0 plus de 10m de l\u2019habitation (mod\u00e8le de 200 litres obligatoire pour une maison individuelle).<\/p>\n<p>Rehausses 200L \/ 500L disponibles : hauteur utile 15 cm.<br \/>\nRehausses 1000L \/ 2000L disponibles : hauteur utile 35 cm.<\/p>\n<p>D\u2019autres volumes sont disponibles pour les restaurants, les cuisines collectives&#8230; <a href=\"https:\/\/procap.fr\/contact\/\">Contactez-nous<\/a>.<\/p>\n","protected":false},"excerpt":{"rendered":"<p>Le s\u00e9parateur \u00e0 graisses pi\u00e8ge les graisses en sortie d\u2019eau de cuisine, et retient les d\u00e9chets solides de plonge.<\/p>\n<p>Il est obligatoire si la fosse est install\u00e9e \u00e0 plus de 10m de l\u2019habitation (mod\u00e8le de 200 litres obligatoire pour une maison individuelle).<\/p>\n","protected":false},"featured_media":30427,"template":"","meta":{"_acf_changed":false,"inline_featured_image":false},"product_brand":[],"product_cat":[521,100,446],"product_tag":[],"class_list":{"0":"post-29313","1":"product","2":"type-product","3":"status-publish","4":"has-post-thumbnail","6":"product_cat-accessoires-3","7":"product_cat-equipements-et-accessoires-fosses","8":"product_cat-separateurs-a-graisse","11":"instock","12":"shipping-taxable","13":"product-type-simple"},"acf":[],"_links":{"self":[{"href":"https:\/\/procap.fr\/en\/wp-json\/wp\/v2\/product\/29313","targetHints":{"allow":["GET"]}}],"collection":[{"href":"https:\/\/procap.fr\/en\/wp-json\/wp\/v2\/product"}],"about":[{"href":"https:\/\/procap.fr\/en\/wp-json\/wp\/v2\/types\/product"}],"wp:featuredmedia":[{"embeddable":true,"href":"https:\/\/procap.fr\/en\/wp-json\/wp\/v2\/media\/30427"}],"wp:attachment":[{"href":"https:\/\/procap.fr\/en\/wp-json\/wp\/v2\/media?parent=29313"}],"wp:term":[{"taxonomy":"product_brand","embeddable":true,"href":"https:\/\/procap.fr\/en\/wp-json\/wp\/v2\/product_brand?post=29313"},{"taxonomy":"product_cat","embeddable":true,"href":"https:\/\/procap.fr\/en\/wp-json\/wp\/v2\/product_cat?post=29313"},{"taxonomy":"product_tag","embeddable":true,"href":"https:\/\/procap.fr\/en\/wp-json\/wp\/v2\/product_tag?post=29313"}],"curies":[{"name":"wp","href":"https:\/\/api.w.org\/{rel}","templated":true}]}}