{"id":29307,"date":"2023-07-11T11:55:55","date_gmt":"2023-07-11T15:55:55","guid":{"rendered":"https:\/\/procap.fr\/?post_type=product&#038;p=29307"},"modified":"2025-09-15T14:38:26","modified_gmt":"2025-09-15T18:38:26","slug":"decanteur-digesteur-avec-systeme-de-decantation-lamellaire","status":"publish","type":"product","link":"https:\/\/procap.fr\/en\/product\/decanteur-digesteur-avec-systeme-de-decantation-lamellaire\/","title":{"rendered":"D\u00e9canteur-digesteur avec syst\u00e8me de d\u00e9cantation lamellaire"},"content":{"rendered":"<p>Nous pouvons \u00e9quiper nos fosses d\u2019un syst\u00e8me de d\u00e9cantation lamellaire.<\/p>\n<p>Celui-ci permet de s\u00e9parer en continu des particules de taille et de masse volumique diff\u00e9rentes.<\/p>\n<p>En augmentant la vitesse de s\u00e9dimentation, le volume de d\u00e9cantation est r\u00e9duit.<\/p>\n<p>Cette r\u00e9alisation de d\u00e9canteur-digesteur est faite sur mesure, contactez-nous.<\/p>\n","protected":false},"excerpt":{"rendered":"<p>Nous pouvons \u00e9quiper nos fosses d\u2019un syst\u00e8me de d\u00e9cantation lamellaire.<\/p>\n","protected":false},"featured_media":29311,"template":"","meta":{"_acf_changed":false,"inline_featured_image":false},"product_brand":[],"product_cat":[521,100],"product_tag":[],"class_list":{"0":"post-29307","1":"product","2":"type-product","3":"status-publish","4":"has-post-thumbnail","6":"product_cat-accessoires-3","7":"product_cat-equipements-et-accessoires-fosses","10":"instock","11":"shipping-taxable","12":"product-type-simple"},"acf":[],"_links":{"self":[{"href":"https:\/\/procap.fr\/en\/wp-json\/wp\/v2\/product\/29307","targetHints":{"allow":["GET"]}}],"collection":[{"href":"https:\/\/procap.fr\/en\/wp-json\/wp\/v2\/product"}],"about":[{"href":"https:\/\/procap.fr\/en\/wp-json\/wp\/v2\/types\/product"}],"wp:featuredmedia":[{"embeddable":true,"href":"https:\/\/procap.fr\/en\/wp-json\/wp\/v2\/media\/29311"}],"wp:attachment":[{"href":"https:\/\/procap.fr\/en\/wp-json\/wp\/v2\/media?parent=29307"}],"wp:term":[{"taxonomy":"product_brand","embeddable":true,"href":"https:\/\/procap.fr\/en\/wp-json\/wp\/v2\/product_brand?post=29307"},{"taxonomy":"product_cat","embeddable":true,"href":"https:\/\/procap.fr\/en\/wp-json\/wp\/v2\/product_cat?post=29307"},{"taxonomy":"product_tag","embeddable":true,"href":"https:\/\/procap.fr\/en\/wp-json\/wp\/v2\/product_tag?post=29307"}],"curies":[{"name":"wp","href":"https:\/\/api.w.org\/{rel}","templated":true}]}}